{"id":601,"date":"2024-01-24T11:14:56","date_gmt":"2024-01-24T11:14:56","guid":{"rendered":"https:\/\/www.prinsesseparken.dk\/?page_id=601"},"modified":"2024-01-24T11:31:26","modified_gmt":"2024-01-24T11:31:26","slug":"generalforsamling-2022","status":"publish","type":"page","link":"https:\/\/www.prinsesseparken.dk\/?page_id=601","title":{"rendered":"Generalforsamling 2022"},"content":{"rendered":"\n\n\n<p><span style=\"text-decoration: underline;\">GENERALFORSAMLING 2022<\/span><\/p>\n<p>Se indkaldelse til GRF Generalforsamling 2022 her: <a href=\"https:\/\/www.prinsesseparken.dk\/wp-content\/uploads\/2022\/01\/Indkaldelse-til-GRF-generalforsamling-2022.pdf\">Indkaldelse<\/a><\/p>\n<p>Se &#8220;Valg til bestyrelsen&#8221; her: <a href=\"https:\/\/www.prinsesseparken.dk\/wp-content\/uploads\/2022\/01\/Valg-til-bestyrelsen-2022.pdf\">Valg til bestyrelsen<\/a><\/p>\n<p>Se &#8220;Formandens beretning&#8221; her: <a href=\"https:\/\/www.prinsesseparken.dk\/wp-content\/uploads\/2022\/01\/Formandens-beretning-for-2021.pdf\">Formandens beretning<\/a><\/p>\n<p><a href=\"https:\/\/www.prinsesseparken.dk\/wp-content\/uploads\/2022\/02\/Brev-fra-Greve-Vandvaerk.pdf\">Brev fra Greve Vandv\u00e6rk<\/a><\/p>\n<p><a href=\"https:\/\/www.prinsesseparken.dk\/wp-content\/uploads\/2022\/01\/Nuvaerende-vandledninger-scaled.jpg\">Nuv\u00e6rende vandledninger<\/a><\/p>\n<p><a href=\"https:\/\/www.prinsesseparken.dk\/wp-content\/uploads\/2022\/01\/Nye-vandledninger-og-placering-af-broende-scaled.jpg\">Nye vandledninger og placering af br\u00f8nde<\/a><\/p>\n<p><a href=\"https:\/\/www.prinsesseparken.dk\/wp-content\/uploads\/2022\/01\/Reglerne-scaled.jpg\">Udsnit af &#8220;Reglerne&#8221; fra Greve Vandv\u00e6rk<\/a><\/p>\n<p><a href=\"https:\/\/www.prinsesseparken.dk\/wp-content\/uploads\/2022\/02\/GRF-referat-2022-NY.pdf\">Referatet fra generalforsamlingen<\/a><\/p>\n<p>&nbsp;<\/p>\n<p>HUSK: Grundet Corona er tilmelding n\u00f8dvendig. Send en mail til formand@prinsesseparken.dk med navn, adresse og deltagerantal.<\/p>\n<p><strong>OBS: Opdateret indkaldelse pr 17\/1-22:<\/strong><\/p>\n<p><strong>&#8220;ALLE DELTAGERE SKAL VISE EN NEGATIV TEST VED ANKOMST TIL M\u00d8DET, ELLER CORONAPAS.<\/strong><br><strong>SMITTEN ER OVER OS, OG VI PASSER GODT P\u00c5 HINANDEN. <\/strong><br><strong>VEL M\u00d8DT TIL JER ALLE SAMMEN&#8221;<\/strong><\/p>\n","protected":false},"excerpt":{"rendered":"<p>GENERALFORSAMLING 2022 Se indkaldelse til GRF Generalforsamling 2022 her: Indkaldelse Se &#8220;Valg til bestyrelsen&#8221; her: Valg til bestyrelsen Se &#8220;Formandens beretning&#8221; her: Formandens beretning Brev fra Greve Vandv\u00e6rk Nuv\u00e6rende vandledninger Nye vandledninger og placering af br\u00f8nde Udsnit af &#8220;Reglerne&#8221; fra&#8230;<\/p>\n","protected":false},"author":3,"featured_media":0,"parent":0,"menu_order":0,"comment_status":"closed","ping_status":"closed","template":"","meta":{"ngg_post_thumbnail":0,"footnotes":""},"class_list":["post-601","page","type-page","status-publish","hentry","no-post-thumbnail"],"_links":{"self":[{"href":"https:\/\/www.prinsesseparken.dk\/index.php?rest_route=\/wp\/v2\/pages\/601","targetHints":{"allow":["GET"]}}],"collection":[{"href":"https:\/\/www.prinsesseparken.dk\/index.php?rest_route=\/wp\/v2\/pages"}],"about":[{"href":"https:\/\/www.prinsesseparken.dk\/index.php?rest_route=\/wp\/v2\/types\/page"}],"author":[{"embeddable":true,"href":"https:\/\/www.prinsesseparken.dk\/index.php?rest_route=\/wp\/v2\/users\/3"}],"replies":[{"embeddable":true,"href":"https:\/\/www.prinsesseparken.dk\/index.php?rest_route=%2Fwp%2Fv2%2Fcomments&post=601"}],"version-history":[{"count":3,"href":"https:\/\/www.prinsesseparken.dk\/index.php?rest_route=\/wp\/v2\/pages\/601\/revisions"}],"predecessor-version":[{"id":615,"href":"https:\/\/www.prinsesseparken.dk\/index.php?rest_route=\/wp\/v2\/pages\/601\/revisions\/615"}],"wp:attachment":[{"href":"https:\/\/www.prinsesseparken.dk\/index.php?rest_route=%2Fwp%2Fv2%2Fmedia&parent=601"}],"curies":[{"name":"wp","href":"https:\/\/api.w.org\/{rel}","templated":true}]}}