{"id":599,"date":"2024-01-24T11:14:26","date_gmt":"2024-01-24T11:14:26","guid":{"rendered":"https:\/\/www.prinsesseparken.dk\/?page_id=599"},"modified":"2024-01-24T12:08:51","modified_gmt":"2024-01-24T12:08:51","slug":"generalforsamling-2023","status":"publish","type":"page","link":"https:\/\/www.prinsesseparken.dk\/?page_id=599","title":{"rendered":"Generalforsamling 2023"},"content":{"rendered":"\n<p>&nbsp;<\/p>\n<p><a href=\"https:\/\/www.prinsesseparken.dk\/wp-content\/uploads\/2023\/02\/GF-indkaldelse-2023.pdf\">Indkaldelse til ordin\u00e6r generalforsamling 2023<\/a><\/p>\n<p><a href=\"https:\/\/www.prinsesseparken.dk\/wp-content\/uploads\/2023\/03\/GRF-2-_Formandens-beretning-2022.pdf\">Formandens beretning 2022<\/a><\/p>\n<p><a href=\"https:\/\/www.prinsesseparken.dk\/wp-content\/uploads\/2023\/03\/GRF-3-_Regnskab-2023.pdf\">Regnskab 2022<\/a><\/p>\n<p><a href=\"https:\/\/www.prinsesseparken.dk\/wp-content\/uploads\/2023\/03\/GRF-4_Budget-2023.pdf\">Budget 2023<\/a><\/p>\n<p><a href=\"https:\/\/www.prinsesseparken.dk\/wp-content\/uploads\/2023\/03\/GRF-6-_Indkomne-forslag-_-aendring-af-budget-2023.pdf\">Forslag til \u00e6ndring af budget 2023<\/a><\/p>\n<p><a href=\"https:\/\/www.prinsesseparken.dk\/wp-content\/uploads\/2023\/03\/GRF-7-_Forslag-til-aendring-af-vedtaegter-_-fra-bestyrelsen.pdf\">Forslag til \u00e6ndring af vedt\u00e6gter<\/a><\/p>\n<p><a href=\"https:\/\/www.prinsesseparken.dk\/wp-content\/uploads\/2023\/03\/GRF-8_Vedtaegter-GRF-Prinsesseparken-2010.pdf\">Vedt\u00e6gter 2010<\/a><\/p>\n<p><a href=\"https:\/\/www.prinsesseparken.dk\/wp-content\/uploads\/2023\/03\/GRF-9-_Forslag-fra-BA-36.pdf\">Forslag fra BA 36<\/a><\/p>\n<p><a href=\"https:\/\/www.prinsesseparken.dk\/wp-content\/uploads\/2023\/03\/GRF-5-_Valg-til-bestyrelsen-2023.pdf\">Valg til bestyrelsen<\/a><\/p>\n","protected":false},"excerpt":{"rendered":"<p>&nbsp; Indkaldelse til ordin\u00e6r generalforsamling 2023 Formandens beretning 2022 Regnskab 2022 Budget 2023 Forslag til \u00e6ndring af budget 2023 Forslag til \u00e6ndring af vedt\u00e6gter Vedt\u00e6gter 2010 Forslag fra BA 36 Valg til bestyrelsen<\/p>\n","protected":false},"author":3,"featured_media":0,"parent":0,"menu_order":0,"comment_status":"closed","ping_status":"closed","template":"","meta":{"ngg_post_thumbnail":0,"footnotes":""},"class_list":["post-599","page","type-page","status-publish","hentry","no-post-thumbnail"],"_links":{"self":[{"href":"https:\/\/www.prinsesseparken.dk\/index.php?rest_route=\/wp\/v2\/pages\/599","targetHints":{"allow":["GET"]}}],"collection":[{"href":"https:\/\/www.prinsesseparken.dk\/index.php?rest_route=\/wp\/v2\/pages"}],"about":[{"href":"https:\/\/www.prinsesseparken.dk\/index.php?rest_route=\/wp\/v2\/types\/page"}],"author":[{"embeddable":true,"href":"https:\/\/www.prinsesseparken.dk\/index.php?rest_route=\/wp\/v2\/users\/3"}],"replies":[{"embeddable":true,"href":"https:\/\/www.prinsesseparken.dk\/index.php?rest_route=%2Fwp%2Fv2%2Fcomments&post=599"}],"version-history":[{"count":2,"href":"https:\/\/www.prinsesseparken.dk\/index.php?rest_route=\/wp\/v2\/pages\/599\/revisions"}],"predecessor-version":[{"id":630,"href":"https:\/\/www.prinsesseparken.dk\/index.php?rest_route=\/wp\/v2\/pages\/599\/revisions\/630"}],"wp:attachment":[{"href":"https:\/\/www.prinsesseparken.dk\/index.php?rest_route=%2Fwp%2Fv2%2Fmedia&parent=599"}],"curies":[{"name":"wp","href":"https:\/\/api.w.org\/{rel}","templated":true}]}}