{"id":211,"date":"2013-06-09T09:54:13","date_gmt":"2013-06-09T09:54:13","guid":{"rendered":"http:\/\/www.prinsesseparken.dk\/?page_id=211"},"modified":"2013-06-09T09:54:13","modified_gmt":"2013-06-09T09:54:13","slug":"sommerhilsen-2012","status":"publish","type":"page","link":"https:\/\/www.prinsesseparken.dk\/?page_id=211","title":{"rendered":"Sommerhilsen 2012"},"content":{"rendered":"<h1 align=\"center\"><strong>Septemberhilsen 2012<\/strong><\/h1>\n<p>Sommeren er slut og vi har taget hul p\u00e5 det danske efter\u00e5r. Et for\u00e5r og en sommer der har budt p\u00e5 meget aktivitet for bestyrelsen.<\/p>\n<p>Vi har som bekendt igennem l\u00e6ngere tid, haft en god dialog med Vejdirektoratet ang\u00e5ende leje af legepladsen, denne leje indbringer foreningen lige over 30.000,- i 2012. S\u00e5 beslutningen om at leje legepladsen ud til ark\u00e6ologiske udgravninger, viste sig at v\u00e6re en rigtig god forretning for os.<\/p>\n<p>Mandag den 20. august 2012 deltog bestyrelsen i Ekspropriationsforretningen for legepladsen. Her skulle kommissionen fasts\u00e6tte bel\u00f8bet for jorden, d.v.s. det bel\u00f8b grundejerforeningen skal modtage af Vejdirektoratet, i forbindelse med overdragelsen af jorden permanent. Forretningen blev ikke endeligt afsluttet, da Vejdirektoratet ikke var helt enige i Ekspropriationskommissionens bel\u00f8b, dog er det sikkert, at bel\u00f8bet lander p\u00e5 omkring 400.000,00 J S\u00e5 igen, medlemmernes beslutning om at ekspropriere jorden permanent, viste sig ogs\u00e5 at v\u00e6re en rigtig god forretning for os.<\/p>\n<p>Det egentlige arbejde omkring udvidelsen af motorvejen p\u00e5begyndes omkring den 1. oktober, hvor Karlslunde Mosevej bliver lukket ved broen og ca. 6 m\u00e5neder frem.<\/p>\n<p align=\"center\">&#8212;&#8212;&#8212;&#8212;&#8212;&#8212;&#8212;<\/p>\n<p>Igen i \u00e5r har bestyrelsen runderet hele parken og kigget p\u00e5 de gr\u00f8nne omr\u00e5der. Der er fint mange steder, og dem som \u201dhalter\u201d har f\u00e5et besked. Derudover m\u00e5 vi henstille til, at hundeejere samler deres hundes lorte op efter sig. En lort i gr\u00e6ssl\u00e5maskinen er bare ikke l\u00e6kker. Vi ved, at flere medlemmer henvender sig til hundeejere, hvis de griber nogen p\u00e5 fersk gerning, det kan vi kun opfordre til, at alle g\u00f8r.<\/p>\n<p>Vores bel\u00e6gningsarbejde er nu f\u00e6rdigt og afleveringsforretningen med entrepren\u00f8ren finder sted i denne m\u00e5ned, hvorefter vi forventer manglerne udbedret. Derefter regner vi med, at entrepren\u00f8ren starter op p\u00e5 trapperne, dette arbejde m\u00e5tte vi rykke lidt p\u00e5 grund af \u00f8konomien jf. referat fra Generalforsamlingen.<\/p>\n<p>&nbsp;<\/p>\n<p>&nbsp;<\/p>\n<p>&nbsp;<\/p>\n<p>Vi h\u00e5ber meget, at alle medlemmer, der har matrikel ud til en sti, vil g\u00e5 en tur med kosten, s\u00e5 sandet kan tr\u00e6nge ned mellem fliserne. Har man f.eks. sand i overskud fra en sandkasse, m\u00e5 man ogs\u00e5 meget gerne bidrage med dette. Jo mere vi passer p\u00e5 fliserne, desto l\u00e6ngere holder de, og vi har jo selv betalt dem J<\/p>\n<p>Vi h\u00e5ber at alle vil gl\u00e6des over det p\u00e6ne resultat i mange \u00e5r fremover.<\/p>\n<p align=\"center\"><b>SOMMERFEST<\/b><\/p>\n<p>Vi holder igen i \u00e5r sommerfest i grundejerforeningen, den 15. september 2012. Det sker p\u00e5 Anne Marie Alle.<\/p>\n<p>Man kan stadig n\u00e5 at tilmelde sig, med en seddel i postkassen, hos Jesper p\u00e5 Benedikte All\u00e9 24 eller p\u00e5 <a href=\"mailto:jespermiller80@gmail.com\">jespermiller80@gmail.com<\/a>. Der er p\u00e5 nuv\u00e6rende tidspunkt 50 tilmeldte og der er stadig plads til flere. Det var enormt hyggeligt sidste \u00e5r og bliver det helt sikkert igen i \u00e5r med formanden ved grillen, hvorp\u00e5 der laves helstegt pattegris.<\/p>\n<p>&nbsp;<\/p>\n<p>Til sidst vil vi \u00f8nske alle et rigtigt dejligt efter\u00e5r J<\/p>\n<p>&nbsp;<\/p>\n<p align=\"center\">Med venlig hilsen<\/p>\n<p align=\"center\">Bestyrelsen<\/p>\n","protected":false},"excerpt":{"rendered":"<p>Septemberhilsen 2012 Sommeren er slut og vi har taget hul p\u00e5 det danske efter\u00e5r. Et for\u00e5r og en sommer der har budt p\u00e5 meget aktivitet for bestyrelsen. Vi har som bekendt igennem l\u00e6ngere tid, haft en god dialog med Vejdirektoratet&#8230;<\/p>\n","protected":false},"author":1,"featured_media":0,"parent":0,"menu_order":0,"comment_status":"closed","ping_status":"open","template":"","meta":{"ngg_post_thumbnail":0,"footnotes":""},"class_list":["post-211","page","type-page","status-publish","hentry","no-post-thumbnail"],"_links":{"self":[{"href":"https:\/\/www.prinsesseparken.dk\/index.php?rest_route=\/wp\/v2\/pages\/211","targetHints":{"allow":["GET"]}}],"collection":[{"href":"https:\/\/www.prinsesseparken.dk\/index.php?rest_route=\/wp\/v2\/pages"}],"about":[{"href":"https:\/\/www.prinsesseparken.dk\/index.php?rest_route=\/wp\/v2\/types\/page"}],"author":[{"embeddable":true,"href":"https:\/\/www.prinsesseparken.dk\/index.php?rest_route=\/wp\/v2\/users\/1"}],"replies":[{"embeddable":true,"href":"https:\/\/www.prinsesseparken.dk\/index.php?rest_route=%2Fwp%2Fv2%2Fcomments&post=211"}],"version-history":[{"count":1,"href":"https:\/\/www.prinsesseparken.dk\/index.php?rest_route=\/wp\/v2\/pages\/211\/revisions"}],"predecessor-version":[{"id":212,"href":"https:\/\/www.prinsesseparken.dk\/index.php?rest_route=\/wp\/v2\/pages\/211\/revisions\/212"}],"wp:attachment":[{"href":"https:\/\/www.prinsesseparken.dk\/index.php?rest_route=%2Fwp%2Fv2%2Fmedia&parent=211"}],"curies":[{"name":"wp","href":"https:\/\/api.w.org\/{rel}","templated":true}]}}