{"id":2,"date":"2013-02-16T09:17:57","date_gmt":"2013-02-16T09:17:57","guid":{"rendered":"http:\/\/06a22879f40e8bc1912b3aad94f2d4b4be246688.web21.temporaryurl.org\/?page_id=2"},"modified":"2024-01-24T11:25:56","modified_gmt":"2024-01-24T11:25:56","slug":"eksempel-side","status":"publish","type":"page","link":"https:\/\/www.prinsesseparken.dk\/","title":{"rendered":"Grundejerforeningen Prinsesseparken"},"content":{"rendered":"<p>&nbsp;<\/p>\n<p>Foreningen er for beboere i Prinsesseparken (Margrethe All\u00e9, Anne Marie All\u00e9 og Benedikte All\u00e9).<\/p>\n<p>Foreningens form\u00e5l er, at varetage medlemmernes tarv overfor det offentlige og overfor private i alle sp\u00f8rgsm\u00e5l af f\u00e6lles interesse, herunder vedligeholdelse af foreningens anl\u00e6g og arealer.<\/p>\n<h3>Facebook<\/h3>\n<p>Grundejerforeningens Facebookside: <a href=\"https:\/\/www.facebook.com\/groups\/79249927933\/\">Facebook<\/a><\/p>\n<h3>Informationer p\u00e5 mail<\/h3>\n<p>Hvis du er beboer i Prinsesseparken, kan du f\u00e5 tilsendt informationsmateriale (f.eks. indkaldelse til generalforsamling) via mail.<\/p>\n<p>Tilmeld dig ved at sende en mail med navn og adresse til <a href=\"mailto:formand@prinsesseparken.dk\" target=\"_blank\" rel=\"noopener\">formand@prinsesseparken.dk<\/a>.<\/p>\n<h3>Information til nye beboere<\/h3>\n<p><a title=\"Velkomsthilsen til nye beboere\" href=\"http:\/\/www.prinsesseparken.dk\/?page_id=107\">Velkomsthilsen til nye beboere<\/a><\/p>\n<div>&nbsp;<\/div>\n<div>&nbsp;<\/div>\n<p>&nbsp;<\/p>\n\n","protected":false},"excerpt":{"rendered":"<p>&nbsp; Foreningen er for beboere i Prinsesseparken (Margrethe All\u00e9, Anne Marie All\u00e9 og Benedikte All\u00e9). Foreningens form\u00e5l er, at varetage medlemmernes tarv overfor det offentlige og overfor private i alle sp\u00f8rgsm\u00e5l af f\u00e6lles interesse, herunder vedligeholdelse af foreningens anl\u00e6g og&#8230;<\/p>\n","protected":false},"author":1,"featured_media":0,"parent":0,"menu_order":0,"comment_status":"closed","ping_status":"closed","template":"","meta":{"ngg_post_thumbnail":0,"footnotes":""},"class_list":["post-2","page","type-page","status-publish","hentry","no-post-thumbnail"],"_links":{"self":[{"href":"https:\/\/www.prinsesseparken.dk\/index.php?rest_route=\/wp\/v2\/pages\/2","targetHints":{"allow":["GET"]}}],"collection":[{"href":"https:\/\/www.prinsesseparken.dk\/index.php?rest_route=\/wp\/v2\/pages"}],"about":[{"href":"https:\/\/www.prinsesseparken.dk\/index.php?rest_route=\/wp\/v2\/types\/page"}],"author":[{"embeddable":true,"href":"https:\/\/www.prinsesseparken.dk\/index.php?rest_route=\/wp\/v2\/users\/1"}],"replies":[{"embeddable":true,"href":"https:\/\/www.prinsesseparken.dk\/index.php?rest_route=%2Fwp%2Fv2%2Fcomments&post=2"}],"version-history":[{"count":46,"href":"https:\/\/www.prinsesseparken.dk\/index.php?rest_route=\/wp\/v2\/pages\/2\/revisions"}],"predecessor-version":[{"id":612,"href":"https:\/\/www.prinsesseparken.dk\/index.php?rest_route=\/wp\/v2\/pages\/2\/revisions\/612"}],"wp:attachment":[{"href":"https:\/\/www.prinsesseparken.dk\/index.php?rest_route=%2Fwp%2Fv2%2Fmedia&parent=2"}],"curies":[{"name":"wp","href":"https:\/\/api.w.org\/{rel}","templated":true}]}}