{"id":112,"date":"2013-02-19T08:00:50","date_gmt":"2013-02-19T08:00:50","guid":{"rendered":"http:\/\/www.prinsesseparken.dk\/?page_id=112"},"modified":"2024-01-24T12:01:17","modified_gmt":"2024-01-24T12:01:17","slug":"links","status":"publish","type":"page","link":"https:\/\/www.prinsesseparken.dk\/?page_id=112","title":{"rendered":"Find mere information via disse links"},"content":{"rendered":"<ul>\n<li><a href=\"https:\/\/www.tinglysning.dk\/tinglysning\/landingpage\/landingpage.xhtml\">Tinglysning.dk<\/a><\/li>\n<li><a href=\"https:\/\/prinsesseparken.aula.dk\/\" target=\"_blank\" rel=\"noopener\"><span style=\"color: #000000;\">Prinsesseparkens b\u00f8rnehave og vuggestue<\/span><\/a><\/li>\n<li><a href=\"http:\/\/www.karlslundeskole.dk\/\" target=\"_blank\" rel=\"noopener\"><span style=\"color: #000000;\">Karlslunde Skole<\/span><\/a><\/li>\n<li><a href=\"http:\/\/www.strandskolen-greve.dk\/\" target=\"_blank\" rel=\"noopener\"><span style=\"color: #000000;\">Strandskolen<\/span><\/a><\/li>\n<li><a href=\"http:\/\/www.greve.dk\/\" target=\"_blank\" rel=\"noopener\"><span style=\"color: #000000;\">Greve kommune<\/span><\/a>\n<ul>\n<li><a href=\"https:\/\/greve.dk\/kommunen\/kontakt\/giv-os-et-praj\">Greve Kommune &#8211; Giv et praj<\/a><\/li>\n<\/ul>\n<\/li>\n<li><a href=\"https:\/\/grevevand.dk\/\">Greve Vandv\u00e6rk<\/a>\n<ul>\n<li><a href=\"https:\/\/grevevand.dk\/selvbetjening\/tilmeldafmeld-sms\">Tilmeld SMS-service (ved driftsforstyrrelser)<\/a><\/li>\n<li>\n<p><a href=\"https:\/\/grevevand.dk\/projekter-og-renovering\/her-arbejder-vi\">F\u00f8lg med i arbejdet med udskiftning af vandr\u00f8r<\/a><\/p>\n<\/li>\n<\/ul>\n<\/li>\n<li><a href=\"https:\/\/www.grevefjernvarme.dk\/\">Greve Fjernvarme<\/a><\/li>\n<li><a href=\"https:\/\/www.weblager.dk\/\">Hent oplysninger om gamle byggesager p\u00e5 egen matrikel<\/a><\/li>\n<li><a href=\"https:\/\/orsted.dk\/\">\u00d8rsted<\/a><\/li>\n<li><a href=\"https:\/\/www.klarforsyning.dk\/\">Klar Forsyning<\/a>\n<ul>\n<li><a href=\"https:\/\/www.klarforsyning.dk\/sms-tjeneste\">Tilmeld SMS-service<\/a><\/li>\n<\/ul>\n<\/li>\n<li><a href=\"http:\/\/www.prinsesseparken.dk\/pdf\/Forskrift%20for%20brug%20af%20fastbraendselsovne.pdf\"><span style=\"font-size: medium;\">Orientering om regler for brug af fastbr\u00e6ndselsovne<\/span><\/a>\n<h3><span style=\"text-decoration: underline;\">AFFALDSSORTERING<\/span><\/h3>\n<div>Fra 1. januar 2022 skal du som borger i Greve Kommune sortere i 10 typer affald: madaffald, restaffald, papir, glas, pap, plast, metal, mad- og drikkekartoner, farligt affald og tekstiler.<\/div>\n<div>Se mere her:&nbsp;<a href=\"https:\/\/www.klarforsyning.dk\/affald\/affaldsordningen-i-greve-kommune-fra-1-januar-2022\">Affaldsordningen i Greve Kommune fra 1. januar 2022 | Klarforsyning<\/a><span style=\"font-size: medium;\"><strong>&nbsp;<\/strong><\/span><\/div>\n<\/li>\n<\/ul>\n\n","protected":false},"excerpt":{"rendered":"<p>Tinglysning.dk Prinsesseparkens b\u00f8rnehave og vuggestue Karlslunde Skole Strandskolen Greve kommune Greve Kommune &#8211; Giv et praj Greve Vandv\u00e6rk Tilmeld SMS-service (ved driftsforstyrrelser) F\u00f8lg med i arbejdet med udskiftning af vandr\u00f8r Greve Fjernvarme Hent oplysninger om gamle byggesager p\u00e5 egen matrikel&#8230;<\/p>\n","protected":false},"author":1,"featured_media":0,"parent":0,"menu_order":2,"comment_status":"closed","ping_status":"open","template":"","meta":{"ngg_post_thumbnail":0,"footnotes":""},"class_list":["post-112","page","type-page","status-publish","hentry","no-post-thumbnail"],"_links":{"self":[{"href":"https:\/\/www.prinsesseparken.dk\/index.php?rest_route=\/wp\/v2\/pages\/112","targetHints":{"allow":["GET"]}}],"collection":[{"href":"https:\/\/www.prinsesseparken.dk\/index.php?rest_route=\/wp\/v2\/pages"}],"about":[{"href":"https:\/\/www.prinsesseparken.dk\/index.php?rest_route=\/wp\/v2\/types\/page"}],"author":[{"embeddable":true,"href":"https:\/\/www.prinsesseparken.dk\/index.php?rest_route=\/wp\/v2\/users\/1"}],"replies":[{"embeddable":true,"href":"https:\/\/www.prinsesseparken.dk\/index.php?rest_route=%2Fwp%2Fv2%2Fcomments&post=112"}],"version-history":[{"count":15,"href":"https:\/\/www.prinsesseparken.dk\/index.php?rest_route=\/wp\/v2\/pages\/112\/revisions"}],"predecessor-version":[{"id":624,"href":"https:\/\/www.prinsesseparken.dk\/index.php?rest_route=\/wp\/v2\/pages\/112\/revisions\/624"}],"wp:attachment":[{"href":"https:\/\/www.prinsesseparken.dk\/index.php?rest_route=%2Fwp%2Fv2%2Fmedia&parent=112"}],"curies":[{"name":"wp","href":"https:\/\/api.w.org\/{rel}","templated":true}]}}