{"id":107,"date":"2013-02-18T09:29:17","date_gmt":"2013-02-18T09:29:17","guid":{"rendered":"http:\/\/www.prinsesseparken.dk\/?page_id=107"},"modified":"2024-01-28T09:57:52","modified_gmt":"2024-01-28T09:57:52","slug":"velkomsthilsen-til-nye-beboere","status":"publish","type":"page","link":"https:\/\/www.prinsesseparken.dk\/?page_id=107","title":{"rendered":"Velkomsthilsen til nye beboere"},"content":{"rendered":"<p><strong>Velkommen<\/strong> til nye beboere.&nbsp;Vi h\u00e5ber, I vil falde godt til i det nye milj\u00f8.<\/p>\n<p>Hermed nogle praktiske oplysninger samt foreningens vedt\u00e6gter (l\u00e6s vedt\u00e6gterne her: <a href=\"https:\/\/www.prinsesseparken.dk\/?page_id=12\">Vedt\u00e6gter<\/a>).<\/p>\n<p>Skulle der v\u00e6re ting I ikke kan finde svare p\u00e5 her p\u00e5 siden, er I velkomne til at kontakte bestyrelsens medlemmer, ligesom det er helt sikkert, at jeres nye naboer gerne vil hj\u00e6lpe jer tilrette.<\/p>\n<p>Grundejerforeningens bestyrelse:<\/p>\n<p><strong><u>NAVN:<\/u><\/strong><strong>&nbsp;&nbsp;&nbsp;&nbsp;&nbsp;&nbsp;&nbsp;&nbsp;&nbsp;&nbsp;&nbsp;&nbsp;&nbsp;&nbsp;&nbsp;&nbsp;&nbsp;&nbsp;&nbsp;&nbsp;&nbsp;&nbsp;&nbsp;&nbsp;&nbsp;&nbsp;&nbsp;&nbsp;&nbsp; <u>FUNKTION:<\/u>&nbsp; &nbsp; &nbsp; &nbsp; &nbsp; &nbsp; &nbsp; &nbsp;<u>TELEFON:<\/u>&nbsp; &nbsp; &nbsp; &nbsp; &nbsp;<span style=\"text-decoration: underline;\">MAIL:<\/span><\/strong><\/p>\n<p>Anders Peterson&nbsp; &nbsp; &nbsp; &nbsp; &nbsp; &nbsp; &nbsp; &nbsp;Formand&nbsp; &nbsp; &nbsp; &nbsp; &nbsp; &nbsp; &nbsp; &nbsp; &nbsp; &nbsp;24 90 58 88&nbsp; &nbsp; &nbsp; formand@prinsesseparken.dk<\/p>\n<p>Mette Romsh\u00f8j&nbsp; &nbsp; &nbsp; &nbsp; &nbsp; &nbsp; &nbsp; &nbsp; &nbsp;Kasserer&nbsp; &nbsp; &nbsp; &nbsp; &nbsp; &nbsp; &nbsp; &nbsp; &nbsp; &nbsp; 22 98 08 60&nbsp; &nbsp; &nbsp; kasserer@prinsesseparken.dk<\/p>\n<p>Finn Mosegaard&nbsp; &nbsp;&nbsp;&nbsp;&nbsp;&nbsp;&nbsp;&nbsp;&nbsp;&nbsp;&nbsp;&nbsp;&nbsp;&nbsp;&nbsp;B-medlem<\/p>\n<p>Majbritt Hjaltholt&nbsp;&nbsp;&nbsp;&nbsp;&nbsp;&nbsp;&nbsp;&nbsp;&nbsp;&nbsp;&nbsp;&nbsp;&nbsp; B-medlem<\/p>\n<p>Mikkel Deggaard&nbsp; &nbsp; &nbsp; &nbsp; &nbsp; &nbsp; &nbsp; B-medlem<\/p>\n<p>Kenneth Bengtson&nbsp; &nbsp; &nbsp; &nbsp; &nbsp; &nbsp; B-medlem<\/p>\n<p>&nbsp;<\/p>\n<p><strong><u>GENERALFORSAMLING<\/u><\/strong><\/p>\n<p>Foreningen afholder hvert \u00e5r generalforsamling i 1. kvartal, her fastl\u00e6gges blandt andet det \u00e5rlige kontingent.<\/p>\n<p>&nbsp;<\/p>\n<p><strong><u>KONTINGENT<\/u><\/strong><\/p>\n<p>Grundejerforeningens kontingent deles i 2 halv\u00e5rlige rater, for perioderne 1\/1 \u2013 30\/6 og 1\/7 \u2013 31\/12, med forfaldsdatoer 1. maj og 1. oktober.<\/p>\n<p>For 2023 udg\u00f8r kontingentet kr. 350,- (+ evt. kr. 3.000,- for YouSee-abonnement Grundpakke).<\/p>\n<p>Kontingentet betales ved benyttelse af de udsendte indbetalings advis, som uddeles i april m\u00e5ned.<\/p>\n<p>Hvis I benytter Netbank, kan f\u00f8lgende konto benyttes:<\/p>\n<p><strong>Reg nr: 0434 Konto nr.: 299-00-01750. <\/strong><\/p>\n<p>Husk at p\u00e5f\u00f8re jeres adresse f.eks. &#8220;AMA 15&#8221; (for Anne Marie Alle 15, som er formandens adresse, BA for Benedikte All\u00e9, MA for Magrethe All\u00e9).<\/p>\n<p>&nbsp;<\/p>\n<p><strong><u>F\u00c6LLESARRANGEMENTER<\/u><\/strong><\/p>\n<p>Foreningen afholder hvert \u00e5r fastelavnsfest for b\u00f8rnene p\u00e5 fastelavns s\u00f8ndag. Der er t\u00f8ndeslagning med pr\u00e6mier i de forskellige aldersgrupper.<\/p>\n<p>Der er ogs\u00e5 sommerfest \/ grill-arrangement for hele grundejerforeningen. Den afholdes gerne i september m\u00e5ned &#8211; normalt i et stort lejet telt, med borde og stole.<\/p>\n<p>&nbsp;<\/p>\n<p><strong><u>KABEL-TV<\/u><\/strong><\/p>\n<p>Hvis I \u00f8nsker TV fra YouSee, betales abonnement for Grundpakken i forbindelse med betaling af kontingentet.<\/p>\n<p>Programoversigt kan downloades her: <a href=\"https:\/\/yousee.dk\/foreninger\/tv?spMailingID=16692421&amp;spUserID=NjI5MzQyMzkzNTQxS0&amp;spJobID=1893443887&amp;spReportId=MTg5MzQ0Mzg4NwS2\">www.yousee.dk<\/a><\/p>\n<p>&nbsp;<\/p>\n<p><strong><u>KOMMUNALE ANL\u00c6G<\/u><\/strong><\/p>\n<p>Greve vandv\u00e6rk&nbsp; &nbsp; &nbsp; <a href=\"http:\/\/www.grevevand.dk\/\">www.grevevand.dk<\/a><\/p>\n<p>\u00d8rsted&nbsp; &nbsp; &nbsp; &nbsp; &nbsp; &nbsp; &nbsp; &nbsp; &nbsp; &nbsp; &nbsp;<a href=\"https:\/\/orsted.dk\/\">www.orsted.dk<\/a><\/p>\n<p>Evida&nbsp; &nbsp; &nbsp; &nbsp; &nbsp; &nbsp; &nbsp; &nbsp; &nbsp; &nbsp; &nbsp; &nbsp; <a href=\"https:\/\/evida.dk\/\">www.evida.dk<\/a><\/p>\n<p>KLAR Forsyning&nbsp; &nbsp; &nbsp; &nbsp;<a href=\"https:\/\/www.klarforsyning.dk\/\">www.klarforsyning.dk<\/a>&nbsp; &nbsp; &nbsp; &nbsp;<\/p>\n<p>&nbsp;<\/p>\n<p><strong><u>STORSKRALD<\/u><\/strong><\/p>\n<p>Kommunen har etableret en velfungerende storskraldsordning. I kan l\u00e6se mere om ordningen her: <a href=\"https:\/\/www.klarforsyning.dk\/affald\/fortovsindsamling-storskrald-og-genbrug\">storskrald<\/a><\/p>\n<p>Brug storskraldsordningen i stedet for b\u00e5l i haven (det er forbudt).<\/p>\n<p>Skraldet skal placeres ved indk\u00f8rslen til parcellen, <u>og m\u00e5 tidligst s\u00e6ttes ud dagen f\u00f8r.<\/u><\/p>\n<p>Kommunen udleverer plasticposer til papir- og flaskeindsamling.<\/p>\n<p>Grene kan bundtes i max. 1 meters l\u00e6ngde, med natursnor omkring.<\/p>\n<p>I har ogs\u00e5 mulighed for selv at aflevere storskrald p\u00e5 Milj\u00f8Center Greve &#8211; l\u00e6s mere her: <a href=\"https:\/\/www.klarforsyning.dk\/affald\/milj%C3%B8center-greve\">Milj\u00f8 Center Greve.<\/a> Det er gratis at benytte Milj\u00f8Center Greve. HUSK at medbringe det gule sygesikringskort.<\/p>\n<p>Affaldskalender&nbsp; &nbsp; &nbsp; &nbsp;<a href=\"https:\/\/www.klarforsyning.dk\/affaldskalender\">Affaldskalender | Klarforsyning<\/a><\/p>\n<p>&nbsp;<\/p>\n<h1>SIDST, MEN IKKE MINDST&nbsp; &nbsp; &nbsp; &nbsp; &nbsp; &nbsp; &nbsp; &nbsp; &nbsp; &nbsp; &nbsp; &nbsp; &nbsp; &nbsp; &nbsp; &nbsp; &nbsp; &nbsp; &nbsp; &nbsp;&nbsp;<\/h1>\n<p>Hj\u00e6lp med at passe p\u00e5 vort omr\u00e5de, s\u00e5 det fremst\u00e5r p\u00e6nt, og ikke kommer til at ligne en stor <strong>losseplads<\/strong>, og bliv \/ v\u00e6r en god nabo.<\/p>\n<p><strong>Det kan I g\u00f8re ved:&nbsp;&nbsp;&nbsp;&nbsp;&nbsp;&nbsp;&nbsp;&nbsp;&nbsp;&nbsp;&nbsp;&nbsp;&nbsp;&nbsp;&nbsp;&nbsp;&nbsp;&nbsp;&nbsp;&nbsp;&nbsp;&nbsp;&nbsp;&nbsp;&nbsp;&nbsp;&nbsp;&nbsp;&nbsp;&nbsp;&nbsp;&nbsp;&nbsp;&nbsp;&nbsp;&nbsp;&nbsp;&nbsp;&nbsp;&nbsp;&nbsp;&nbsp;&nbsp;&nbsp;&nbsp;&nbsp;&nbsp;&nbsp;&nbsp;&nbsp;&nbsp;&nbsp;&nbsp;&nbsp;&nbsp;&nbsp;&nbsp;&nbsp;&nbsp;&nbsp;&nbsp;&nbsp;&nbsp;&nbsp;&nbsp;&nbsp;&nbsp;&nbsp;&nbsp;&nbsp;&nbsp;&nbsp;&nbsp;&nbsp;&nbsp; <\/strong><\/p>\n<ul>\n<li>at overholde hegnsloven.<\/li>\n<li>at holde hunden i snor n\u00e5r den luftes og fjerne hundes \u201dvisitkort\u201d.<\/li>\n<li>at katte ikke er til gene for naboerne.<\/li>\n<li>at der ikke m\u00e5 v\u00e6re haner i hobbyh\u00f8nsehold.<\/li>\n<li>ikke at bruge motoriseret v\u00e6rkt\u00f8j\/maskiner p\u00e5 s\u00f8n- og helligdage.<\/li>\n<li>ikke at s\u00e6tte storskrald ud f\u00f8r tid.<\/li>\n<li>fjerne storskrald, som kommunen ikke har taget med (evt. pga. fejlindpakning, udsat p\u00e5 en gal dag og lign.), fra parkeringspladsen samme dag.<\/li>\n<li>at passe\/pleje planter og tr\u00e6er i skel, og p\u00e5 f\u00e6lles arealer.<\/li>\n<li>hvert for\u00e5r n\u00e6nsomt klippe\/besk\u00e6re platantr\u00e6erne i &#8220;g\u00e5rdene&#8221; (tr\u00e6erne er en del af beplantnings\u00adplanen for omr\u00e5det &#8211; mere om beplantningsplanen her: <a href=\"https:\/\/www.prinsesseparken.dk\/?page_id=393\">Beplantningsplan \u2013 Grundejerforeningen Prinsesseparken<\/a>).<\/li>\n<li>at passe stier, gr\u00f8nne omr\u00e5der, P-plads m.m. der h\u00f8rer under jeres parcel. Er der tvivl om, hvad I skal vedligeholde\/passe, kan I kontakte foreningens formand. <strong style=\"font-size: revert; color: initial;\">Bestyrelsen har if\u00f8lge vedt\u00e6gterne pligt til at p\u00e5tale manglende vedligeholdelse, samt at foranledige det misholdte udbedret for grundejerens regning.<\/strong><\/li>\n<\/ul>\n\n","protected":false},"excerpt":{"rendered":"<p>Velkommen til nye beboere.&nbsp;Vi h\u00e5ber, I vil falde godt til i det nye milj\u00f8. Hermed nogle praktiske oplysninger samt foreningens vedt\u00e6gter (l\u00e6s vedt\u00e6gterne her: Vedt\u00e6gter). Skulle der v\u00e6re ting I ikke kan finde svare p\u00e5 her p\u00e5 siden, er I&#8230;<\/p>\n","protected":false},"author":1,"featured_media":0,"parent":0,"menu_order":0,"comment_status":"closed","ping_status":"open","template":"","meta":{"ngg_post_thumbnail":0,"footnotes":""},"class_list":["post-107","page","type-page","status-publish","hentry","no-post-thumbnail"],"_links":{"self":[{"href":"https:\/\/www.prinsesseparken.dk\/index.php?rest_route=\/wp\/v2\/pages\/107","targetHints":{"allow":["GET"]}}],"collection":[{"href":"https:\/\/www.prinsesseparken.dk\/index.php?rest_route=\/wp\/v2\/pages"}],"about":[{"href":"https:\/\/www.prinsesseparken.dk\/index.php?rest_route=\/wp\/v2\/types\/page"}],"author":[{"embeddable":true,"href":"https:\/\/www.prinsesseparken.dk\/index.php?rest_route=\/wp\/v2\/users\/1"}],"replies":[{"embeddable":true,"href":"https:\/\/www.prinsesseparken.dk\/index.php?rest_route=%2Fwp%2Fv2%2Fcomments&post=107"}],"version-history":[{"count":19,"href":"https:\/\/www.prinsesseparken.dk\/index.php?rest_route=\/wp\/v2\/pages\/107\/revisions"}],"predecessor-version":[{"id":674,"href":"https:\/\/www.prinsesseparken.dk\/index.php?rest_route=\/wp\/v2\/pages\/107\/revisions\/674"}],"wp:attachment":[{"href":"https:\/\/www.prinsesseparken.dk\/index.php?rest_route=%2Fwp%2Fv2%2Fmedia&parent=107"}],"curies":[{"name":"wp","href":"https:\/\/api.w.org\/{rel}","templated":true}]}}